{"id":22608,"date":"2021-08-27T05:03:03","date_gmt":"2021-08-27T05:03:03","guid":{"rendered":"https:\/\/risutec.fi\/laskutus-tiedot\/"},"modified":"2026-02-20T09:57:25","modified_gmt":"2026-02-20T09:57:25","slug":"laskutustiedot","status":"publish","type":"page","link":"https:\/\/risutec.fi\/fi\/laskutustiedot\/","title":{"rendered":"Laskutustiedot"},"content":{"rendered":"\t\t<div data-elementor-type=\"wp-page\" data-elementor-id=\"22608\" class=\"elementor elementor-22608 elementor-22594\" data-elementor-post-type=\"page\">\n\t\t\t\t\t\t<section class=\"elementor-section elementor-top-section elementor-element elementor-element-4fc99fd elementor-section-boxed elementor-section-height-default elementor-section-height-default\" data-id=\"4fc99fd\" data-element_type=\"section\" data-e-type=\"section\">\n\t\t\t\t\t\t<div class=\"elementor-container elementor-column-gap-default\">\n\t\t\t\t\t<div class=\"elementor-column elementor-col-100 elementor-top-column elementor-element elementor-element-f32dec4\" data-id=\"f32dec4\" data-element_type=\"column\" data-e-type=\"column\">\n\t\t\t<div class=\"elementor-widget-wrap elementor-element-populated\">\n\t\t\t\t\t\t<div class=\"elementor-element elementor-element-cca9fee elementor-widget elementor-widget-heading\" data-id=\"cca9fee\" data-element_type=\"widget\" data-e-type=\"widget\" data-widget_type=\"heading.default\">\n\t\t\t\t<div class=\"elementor-widget-container\">\n\t\t\t\t\t<h2 class=\"elementor-heading-title elementor-size-default\">Laskutustiedot<\/h2>\t\t\t\t<\/div>\n\t\t\t\t<\/div>\n\t\t\t\t\t<\/div>\n\t\t<\/div>\n\t\t\t\t\t<\/div>\n\t\t<\/section>\n\t\t\t\t<section class=\"elementor-section elementor-top-section elementor-element elementor-element-25e9e4b elementor-section-boxed elementor-section-height-default elementor-section-height-default\" data-id=\"25e9e4b\" data-element_type=\"section\" data-e-type=\"section\">\n\t\t\t\t\t\t<div class=\"elementor-container elementor-column-gap-default\">\n\t\t\t\t\t<div class=\"elementor-column elementor-col-100 elementor-top-column elementor-element elementor-element-ca6070f\" data-id=\"ca6070f\" data-element_type=\"column\" data-e-type=\"column\">\n\t\t\t<div class=\"elementor-widget-wrap elementor-element-populated\">\n\t\t\t\t\t\t<div class=\"elementor-element elementor-element-aff5868 elementor-widget elementor-widget-text-editor\" data-id=\"aff5868\" data-element_type=\"widget\" data-e-type=\"widget\" data-widget_type=\"text-editor.default\">\n\t\t\t\t<div class=\"elementor-widget-container\">\n\t\t\t\t\t\t\t\t\t<p>Olemme siirtyneet s\u00e4hk\u00f6iseen laskutukseen ja toivomme saavamme laskut ensisijaisesti s\u00e4hk\u00f6isess\u00e4 muodossa.<\/p>\n<p>Mik\u00e4li yrityksell\u00e4nne ei ole mahdollisuutta toimittaa verkkolaskuja tai l\u00e4hett\u00e4\u00e4 laskuja s\u00e4hk\u00f6postilla, voitte l\u00e4hett\u00e4\u00e4<br>paperilaskut skannauspalveluosoitteeseen.<\/p>\n<p>Emme vastaanota laskuja k\u00e4yntiosoitteeseemme.<\/p>\n<p>1. Verkkolaskut<br>Risutec Oy, 1924690-8<br>Verkkolaskuosoite: FI3657008120516898<br>Operaattori: Osuuspankki&nbsp;(OKOYFIHH)<\/p>\n<p>2. Laskujen vastaanotto s\u00e4hk\u00f6postitse skannauspalveluun<br>Toivomme, ett\u00e4 l\u00e4het\u00e4tte t\u00e4h\u00e4n osoitteeseen ainoastaan laskuja.<br>Laskut l\u00e4hetet\u00e4\u00e4n palveluun s\u00e4hk\u00f6postin PDF-muotoisina liitetiedostoina ja laskun liitteiden tulee olla samassa<br>tiedostossa itse laskun kanssa.<\/p>\n<p>S\u00e4hk\u00f6postilaskun osoite: 19246908@scan.netvisor.fi<\/p>\n<ul>\n<li>Voit l\u00e4hett\u00e4\u00e4 useita laskuja yhdess\u00e4 s\u00e4hk\u00f6postiviestiss\u00e4, kunhan jokainen lasku on erillisen\u00e4 liitetiedostona. Kaikilla tiedostoilla tulee olla eri nimi.<\/li>\n<li>Yhden s\u00e4hk\u00f6postin maksimikoko on 5Mb.<\/li>\n<li>PDF-tiedostojen tulee olla aitoja PDF-dokumentteja (PDF- versio 1.3 tai uudempi).<\/li>\n<li>PDF-tiedostot eiv\u00e4t saa olla lukittuja tai salasanalla suojattuja.<\/li>\n<li>Dokumentin ulkomitta voi olla maksimissaan 210 x 297 mm.<\/li>\n<li>Liitteen nimen sallitut merkit ovat tavallisia kirjoitusmerkkej\u00e4, a-z, A-Z, 0-9. Eth\u00e4n k\u00e4yt\u00e4 erikoismerkkej\u00e4 liitteiden nime\u00e4miseen.<\/li>\n<\/ul>\n<p>3. Laskujen vastaanotto postitse skannauspalveluun<br>Osoitetietojen tulee olla t\u00e4ydellisin\u00e4 sek\u00e4 laskussa ett\u00e4 kirjekuoressa, jotta lasku voidaan v\u00e4litt\u00e4\u00e4 nopeasti ja<br>luotettavasti vastaanottajalleen.<\/p>\n<p>Risutec Oy<br>19246908<br>PL 100<br>80020 Kollektor Scan<\/p>\n<ul>\n<li>L\u00e4het\u00e4th\u00e4n skannausosoitteeseen ainoastaan laskumateriaalia. N\u00e4m\u00e4 postit luetaan automaattisesti yrityksemme reskontraan, eik\u00e4 mik\u00e4\u00e4n muu materiaali (esimerkiksi kuitit, liikelahjat, luottokortit ja p\u00e4\u00e4syliput) saavuta vastaanottajaansa t\u00e4t\u00e4 kautta.<\/li>\n<li>K\u00e4yt\u00e4th\u00e4n mieluiten tekstiss\u00e4 vain mustaa v\u00e4ri\u00e4 valkoisella pohjalla: se antaa selkeimm\u00e4n lopputuloksen laskun tietojen tunnistusta varten.<\/li>\n<li>Eth\u00e4n k\u00e4yt\u00e4 niittej\u00e4 skannauspalveluun l\u00e4hetetyiss\u00e4 laskuissa.<\/li>\n<\/ul>\t\t\t\t\t\t\t\t<\/div>\n\t\t\t\t<\/div>\n\t\t\t\t\t<\/div>\n\t\t<\/div>\n\t\t\t\t\t<\/div>\n\t\t<\/section>\n\t\t\t\t<\/div>\n\t\t","protected":false},"excerpt":{"rendered":"<p>Laskutustiedot Olemme siirtyneet s\u00e4hk\u00f6iseen laskutukseen ja toivomme saavamme laskut ensisijaisesti s\u00e4hk\u00f6isess\u00e4 muodossa. Mik\u00e4li yrityksell\u00e4nne ei ole mahdollisuutta toimittaa verkkolaskuja tai l\u00e4hett\u00e4\u00e4 laskuja s\u00e4hk\u00f6postilla, voitte l\u00e4hett\u00e4\u00e4paperilaskut skannauspalveluosoitteeseen. Emme vastaanota laskuja k\u00e4yntiosoitteeseemme. 1. VerkkolaskutRisutec Oy, 1924690-8Verkkolaskuosoite: FI3657008120516898Operaattori: Osuuspankki&nbsp;(OKOYFIHH) 2. Laskujen vastaanotto s\u00e4hk\u00f6postitse skannauspalveluunToivomme, ett\u00e4 l\u00e4het\u00e4tte t\u00e4h\u00e4n osoitteeseen ainoastaan laskuja.Laskut l\u00e4hetet\u00e4\u00e4n palveluun s\u00e4hk\u00f6postin PDF-muotoisina liitetiedostoina ja laskun liitteiden [&hellip;]<\/p>\n","protected":false},"author":1,"featured_media":0,"parent":0,"menu_order":0,"comment_status":"closed","ping_status":"closed","template":"","meta":{"content-type":"","footnotes":""},"class_list":["post-22608","page","type-page","status-publish","hentry"],"_links":{"self":[{"href":"https:\/\/risutec.fi\/fi\/wp-json\/wp\/v2\/pages\/22608","targetHints":{"allow":["GET"]}}],"collection":[{"href":"https:\/\/risutec.fi\/fi\/wp-json\/wp\/v2\/pages"}],"about":[{"href":"https:\/\/risutec.fi\/fi\/wp-json\/wp\/v2\/types\/page"}],"author":[{"embeddable":true,"href":"https:\/\/risutec.fi\/fi\/wp-json\/wp\/v2\/users\/1"}],"replies":[{"embeddable":true,"href":"https:\/\/risutec.fi\/fi\/wp-json\/wp\/v2\/comments?post=22608"}],"version-history":[{"count":13,"href":"https:\/\/risutec.fi\/fi\/wp-json\/wp\/v2\/pages\/22608\/revisions"}],"predecessor-version":[{"id":537615,"href":"https:\/\/risutec.fi\/fi\/wp-json\/wp\/v2\/pages\/22608\/revisions\/537615"}],"wp:attachment":[{"href":"https:\/\/risutec.fi\/fi\/wp-json\/wp\/v2\/media?parent=22608"}],"curies":[{"name":"wp","href":"https:\/\/api.w.org\/{rel}","templated":true}]}}