{"id":3749,"date":"2021-04-26T06:29:49","date_gmt":"2021-04-26T06:29:49","guid":{"rendered":"http:\/\/risutec.fi\/asta-peruskoneeseen-asennettava-metsatalouden-gps-jarjestelma\/"},"modified":"2026-03-23T07:34:48","modified_gmt":"2026-03-23T07:34:48","slug":"asta-peruskoneeseen-asennettava-metsatalouden-gps-jarjestelma","status":"publish","type":"page","link":"https:\/\/risutec.fi\/fi\/asta-peruskoneeseen-asennettava-metsatalouden-gps-jarjestelma\/","title":{"rendered":"ASTA Peruskoneeseen asennettava mets\u00e4talouden GPS j\u00e4rjestelm\u00e4"},"content":{"rendered":"\t\t<div data-elementor-type=\"wp-page\" data-elementor-id=\"3749\" class=\"elementor elementor-3749\" data-elementor-post-type=\"page\">\n\t\t\t\t\t\t<section class=\"elementor-section elementor-top-section elementor-element elementor-element-2639d38 elementor-section-boxed elementor-section-height-default elementor-section-height-default\" data-id=\"2639d38\" data-element_type=\"section\" data-e-type=\"section\" data-settings=\"{&quot;background_background&quot;:&quot;classic&quot;,&quot;background_motion_fx_motion_fx_scrolling&quot;:&quot;yes&quot;,&quot;background_motion_fx_translateY_effect&quot;:&quot;yes&quot;,&quot;background_motion_fx_translateY_speed&quot;:{&quot;unit&quot;:&quot;px&quot;,&quot;size&quot;:9,&quot;sizes&quot;:[]},&quot;background_motion_fx_translateY_affectedRange&quot;:{&quot;unit&quot;:&quot;%&quot;,&quot;size&quot;:&quot;&quot;,&quot;sizes&quot;:{&quot;start&quot;:0,&quot;end&quot;:100}},&quot;background_motion_fx_devices&quot;:[&quot;desktop&quot;,&quot;tablet&quot;,&quot;mobile&quot;]}\">\n\t\t\t\t\t\t<div class=\"elementor-container elementor-column-gap-default\">\n\t\t\t\t\t<div class=\"elementor-column elementor-col-50 elementor-top-column elementor-element elementor-element-541c33d3\" data-id=\"541c33d3\" data-element_type=\"column\" data-e-type=\"column\" data-settings=\"{&quot;background_background&quot;:&quot;classic&quot;}\">\n\t\t\t<div class=\"elementor-widget-wrap elementor-element-populated\">\n\t\t\t\t\t<div class=\"elementor-background-overlay\"><\/div>\n\t\t\t\t\t\t<div class=\"elementor-element elementor-element-1483c929 elementor-widget__width-initial elementor-widget elementor-widget-heading\" data-id=\"1483c929\" data-element_type=\"widget\" data-e-type=\"widget\" data-widget_type=\"heading.default\">\n\t\t\t\t<div class=\"elementor-widget-container\">\n\t\t\t\t\t<h3 class=\"elementor-heading-title elementor-size-default\">ASTA<\/h3>\t\t\t\t<\/div>\n\t\t\t\t<\/div>\n\t\t\t\t<div class=\"elementor-element elementor-element-4956da83 elementor-widget elementor-widget-text-editor\" data-id=\"4956da83\" data-element_type=\"widget\" data-e-type=\"widget\" data-widget_type=\"text-editor.default\">\n\t\t\t\t<div class=\"elementor-widget-container\">\n\t\t\t\t\t\t\t\t\t<p>Risutec ASTA: n peruskoneeseen asennettava mets\u00e4nhoidon GPS-dokumentointij\u00e4rjestelm\u00e4 n\u00e4ytt\u00e4\u00e4 taimi- ja muokkauspaikat sek\u00e4 istutus- ja raivausalueet reaaliajassa.<\/p>\n\t\t\t\t\t\t\t\t<\/div>\n\t\t\t\t<\/div>\n\t\t\t\t<div class=\"elementor-element elementor-element-7656be37 elementor-widget__width-auto elementor-widget elementor-widget-global elementor-global-4339 elementor-global-1034 elementor-widget-button\" data-id=\"7656be37\" data-element_type=\"widget\" data-e-type=\"widget\" id=\"get-a-quote-button\" data-widget_type=\"button.default\">\n\t\t\t\t<div class=\"elementor-widget-container\">\n\t\t\t\t\t\t\t\t\t<div class=\"elementor-button-wrapper\">\n\t\t\t\t\t<a class=\"elementor-button elementor-button-link elementor-size-xs\" href=\"https:\/\/risutec.fi\/fi\/ollaan-yhteydessa\/#get-a-quote\" target=\"_blank\">\n\t\t\t\t\t\t<span class=\"elementor-button-content-wrapper\">\n\t\t\t\t\t\t\t\t\t<span class=\"elementor-button-text\">OTA YHTEYTT\u00c4<\/span>\n\t\t\t\t\t<\/span>\n\t\t\t\t\t<\/a>\n\t\t\t\t<\/div>\n\t\t\t\t\t\t\t\t<\/div>\n\t\t\t\t<\/div>\n\t\t\t\t\t<\/div>\n\t\t<\/div>\n\t\t\t\t<div class=\"elementor-column elementor-col-50 elementor-top-column elementor-element elementor-element-2c7cc788\" data-id=\"2c7cc788\" data-element_type=\"column\" data-e-type=\"column\">\n\t\t\t<div class=\"elementor-widget-wrap\">\n\t\t\t\t\t\t\t<\/div>\n\t\t<\/div>\n\t\t\t\t\t<\/div>\n\t\t<\/section>\n\t\t\t\t<section class=\"elementor-section elementor-top-section elementor-element elementor-element-2b740fd3 elementor-section-boxed elementor-section-height-default elementor-section-height-default\" data-id=\"2b740fd3\" data-element_type=\"section\" data-e-type=\"section\">\n\t\t\t\t\t\t<div class=\"elementor-container elementor-column-gap-default\">\n\t\t\t\t\t<div class=\"elementor-column elementor-col-100 elementor-top-column elementor-element elementor-element-294b4736\" data-id=\"294b4736\" data-element_type=\"column\" data-e-type=\"column\">\n\t\t\t<div class=\"elementor-widget-wrap elementor-element-populated\">\n\t\t\t\t\t\t<div class=\"elementor-element elementor-element-29a5e76e elementor-widget__width-inherit elementor-widget elementor-widget-heading\" data-id=\"29a5e76e\" data-element_type=\"widget\" data-e-type=\"widget\" data-widget_type=\"heading.default\">\n\t\t\t\t<div class=\"elementor-widget-container\">\n\t\t\t\t\t<h2 class=\"elementor-heading-title elementor-size-default\">Risutec ASTA gps dokumentointij\u00e4rjestelm\u00e4<\/h2>\t\t\t\t<\/div>\n\t\t\t\t<\/div>\n\t\t\t\t<div class=\"elementor-element elementor-element-25ede909 elementor-widget elementor-widget-text-editor\" data-id=\"25ede909\" data-element_type=\"widget\" data-e-type=\"widget\" data-widget_type=\"text-editor.default\">\n\t\t\t\t<div class=\"elementor-widget-container\">\n\t\t\t\t\t\t\t\t\t<p>ASTA-mets\u00e4talouden GPS-dokumentointij\u00e4rjestelm\u00e4 on kustannustehokas tapa raportoida ja n\u00e4ytt\u00e4\u00e4 taimi- ja muokkauspaikkojen sijainnit, pinta-alat, istutustiheydet ja kappalem\u00e4\u00e4r\u00e4t reaaliajassa. ASTA: ta voidaan k\u00e4ytt\u00e4\u00e4 my\u00f6s raivausalueiden dokumentointiin.<\/p>\n\t\t\t\t\t\t\t\t<\/div>\n\t\t\t\t<\/div>\n\t\t\t\t<div class=\"elementor-element elementor-element-4b33401 elementor-widget elementor-widget-text-editor\" data-id=\"4b33401\" data-element_type=\"widget\" data-e-type=\"widget\" data-widget_type=\"text-editor.default\">\n\t\t\t\t<div class=\"elementor-widget-container\">\n\t\t\t\t\t\t\t\t\t<p>ASTA k\u00e4ytt\u00f6ohje (versio 4821) ladattavissa <a href=\"https:\/\/risutec.fi\/wp-content\/uploads\/2022\/07\/Asta-versioupdate-ohjeetv1.pdf\"><u><b>t\u00e4st\u00e4<\/b><\/u>.<\/a>\u00a0<\/p><p><b>ASTA\u00a0ohjelmistotuen p\u00e4ivystysnumero:<\/b> <b>+358 41 4725018\u00a0<br \/><\/b><b>Avoinna\u00a0 08:00 \u2013 16:00 maanantaisin<\/b><\/p>\t\t\t\t\t\t\t\t<\/div>\n\t\t\t\t<\/div>\n\t\t\t\t<div class=\"elementor-element elementor-element-b1e6800 elementor-widget elementor-widget-video\" data-id=\"b1e6800\" data-element_type=\"widget\" data-e-type=\"widget\" data-settings=\"{&quot;video_type&quot;:&quot;vimeo&quot;}\" data-widget_type=\"video.default\">\n\t\t\t\t<div class=\"elementor-widget-container\">\n\t\t\t\t\t\t\t<div class=\"elementor-wrapper elementor-open-inline\">\n\t\t\t<iframe class=\"elementor-video-iframe\" allowfullscreen allow=\"clipboard-write\" title=\"vimeo-videosoitin\" src=\"https:\/\/player.vimeo.com\/video\/718195740?color&amp;autopause=0&amp;loop=0&amp;muted=0&amp;title=1&amp;portrait=1&amp;byline=1#t=\"><\/iframe>\t\t<\/div>\n\t\t\t\t\t\t<\/div>\n\t\t\t\t<\/div>\n\t\t\t\t<section class=\"elementor-section elementor-inner-section elementor-element elementor-element-151a3e98 elementor-section-boxed elementor-section-height-default elementor-section-height-default\" data-id=\"151a3e98\" data-element_type=\"section\" data-e-type=\"section\">\n\t\t\t\t\t\t<div class=\"elementor-container elementor-column-gap-default\">\n\t\t\t\t\t<div class=\"elementor-column elementor-col-50 elementor-inner-column elementor-element elementor-element-72a5a784\" data-id=\"72a5a784\" data-element_type=\"column\" data-e-type=\"column\">\n\t\t\t<div class=\"elementor-widget-wrap elementor-element-populated\">\n\t\t\t\t\t\t<div class=\"elementor-element elementor-element-174e3644 elementor-widget__width-inherit elementor-widget elementor-widget-heading\" data-id=\"174e3644\" data-element_type=\"widget\" data-e-type=\"widget\" data-widget_type=\"heading.default\">\n\t\t\t\t<div class=\"elementor-widget-container\">\n\t\t\t\t\t<h2 class=\"elementor-heading-title elementor-size-default\">Tulosta PDF-raportteja tai integroi pistetiedot valitsemaasi paikkatietoj\u00e4rjestelm\u00e4\u00e4n<\/h2>\t\t\t\t<\/div>\n\t\t\t\t<\/div>\n\t\t\t\t<div class=\"elementor-element elementor-element-1cd1be05 elementor-widget elementor-widget-text-editor\" data-id=\"1cd1be05\" data-element_type=\"widget\" data-e-type=\"widget\" data-widget_type=\"text-editor.default\">\n\t\t\t\t<div class=\"elementor-widget-container\">\n\t\t\t\t\t\t\t\t\t<p>ASTA sis\u00e4lt\u00e4\u00e4 ty\u00f6tehokkuuden laskurin, n\u00e4ytt\u00e4\u00e4 istutetun alueen visuaalisesti ja tarjoaa yksinkertaisen ty\u00f6kalun istutustietojen raportointiin ja muokkaamiseen j\u00e4lkik\u00e4teen. Se voidaan kiinnitt\u00e4\u00e4 kaikkiin mets\u00e4koneisiin ja kaikkiin Risutec-laitteisiin.<\/p>\n\t\t\t\t\t\t\t\t<\/div>\n\t\t\t\t<\/div>\n\t\t\t\t<div class=\"elementor-element elementor-element-12ea2c36 elementor-widget elementor-widget-toggle\" data-id=\"12ea2c36\" data-element_type=\"widget\" data-e-type=\"widget\" data-widget_type=\"toggle.default\">\n\t\t\t\t<div class=\"elementor-widget-container\">\n\t\t\t\t\t\t\t<div class=\"elementor-toggle\">\n\t\t\t\t\t\t\t<div class=\"elementor-toggle-item\">\n\t\t\t\t\t<div id=\"elementor-tab-title-3171\" class=\"elementor-tab-title\" data-tab=\"1\" role=\"button\" aria-controls=\"elementor-tab-content-3171\" aria-expanded=\"false\">\n\t\t\t\t\t\t\t\t\t\t\t\t<a class=\"elementor-toggle-title\" tabindex=\"0\">Lue lis\u00e4\u00e4...<\/a>\n\t\t\t\t\t<\/div>\n\n\t\t\t\t\t<div id=\"elementor-tab-content-3171\" class=\"elementor-tab-content elementor-clearfix\" data-tab=\"1\" role=\"region\" aria-labelledby=\"elementor-tab-title-3171\"><p>Risutec ASTA on integroitu kaivinkoneen ohjainkahvaan. Voimme esiohjelmoida usein k\u00e4ytetyt toiminnot eri painikkeisiin tehokasta k\u00e4ytt\u00f6\u00e4 varten. ASTA toimii Androidilla ja on saatavana Google Play Kaupasta. Siirr\u00e4 tulokset haluamallesi kartalle raportointia ja tutkimusta varten. Tutki vaikutuksia systemaattisesti saadaksesi k\u00e4sityksen optimaalisista mets\u00e4nhoitopanoksista.<\/p>\n<\/div>\n\t\t\t\t<\/div>\n\t\t\t\t\t\t\t\t<\/div>\n\t\t\t\t\t\t<\/div>\n\t\t\t\t<\/div>\n\t\t\t\t\t<\/div>\n\t\t<\/div>\n\t\t\t\t<div class=\"elementor-column elementor-col-50 elementor-inner-column elementor-element elementor-element-2ddcac09\" data-id=\"2ddcac09\" data-element_type=\"column\" data-e-type=\"column\">\n\t\t\t<div class=\"elementor-widget-wrap elementor-element-populated\">\n\t\t\t\t\t\t<div class=\"elementor-element elementor-element-437f01cb elementor-widget elementor-widget-image\" data-id=\"437f01cb\" data-element_type=\"widget\" data-e-type=\"widget\" data-widget_type=\"image.default\">\n\t\t\t\t<div class=\"elementor-widget-container\">\n\t\t\t\t\t\t\t\t\t\t\t\t\t\t\t<img fetchpriority=\"high\" decoding=\"async\" width=\"1654\" height=\"2339\" src=\"https:\/\/risutec.fi\/wp-content\/uploads\/2021\/05\/asta-report.png\" class=\"attachment-full size-full wp-image-4514\" alt=\"asta-report\" srcset=\"https:\/\/risutec.fi\/wp-content\/uploads\/2021\/05\/asta-report.png 1654w, https:\/\/risutec.fi\/wp-content\/uploads\/2021\/05\/asta-report-212x300.png 212w, https:\/\/risutec.fi\/wp-content\/uploads\/2021\/05\/asta-report-724x1024.png 724w, https:\/\/risutec.fi\/wp-content\/uploads\/2021\/05\/asta-report-768x1086.png 768w, https:\/\/risutec.fi\/wp-content\/uploads\/2021\/05\/asta-report-1086x1536.png 1086w, https:\/\/risutec.fi\/wp-content\/uploads\/2021\/05\/asta-report-1448x2048.png 1448w\" sizes=\"(max-width: 1654px) 100vw, 1654px\" \/>\t\t\t\t\t\t\t\t\t\t\t\t\t\t\t<\/div>\n\t\t\t\t<\/div>\n\t\t\t\t\t<\/div>\n\t\t<\/div>\n\t\t\t\t\t<\/div>\n\t\t<\/section>\n\t\t\t\t<div class=\"elementor-element elementor-element-2ebb7b34 elementor-widget__width-inherit elementor-widget elementor-widget-heading\" data-id=\"2ebb7b34\" data-element_type=\"widget\" data-e-type=\"widget\" data-widget_type=\"heading.default\">\n\t\t\t\t<div class=\"elementor-widget-container\">\n\t\t\t\t\t<h2 class=\"elementor-heading-title elementor-size-default\">MEDIAGALLERIA<\/h2>\t\t\t\t<\/div>\n\t\t\t\t<\/div>\n\t\t\t\t<div class=\"elementor-element elementor-element-27e5c4a4 elementor-skin-carousel elementor-arrows-yes elementor-pagination-type-bullets elementor-pagination-position-outside elementor-widget elementor-widget-media-carousel\" data-id=\"27e5c4a4\" data-element_type=\"widget\" data-e-type=\"widget\" data-settings=\"{&quot;slides_per_view&quot;:&quot;3&quot;,&quot;space_between&quot;:{&quot;unit&quot;:&quot;px&quot;,&quot;size&quot;:29,&quot;sizes&quot;:[]},&quot;skin&quot;:&quot;carousel&quot;,&quot;effect&quot;:&quot;slide&quot;,&quot;show_arrows&quot;:&quot;yes&quot;,&quot;pagination&quot;:&quot;bullets&quot;,&quot;speed&quot;:500,&quot;autoplay&quot;:&quot;yes&quot;,&quot;autoplay_speed&quot;:5000,&quot;loop&quot;:&quot;yes&quot;,&quot;pause_on_hover&quot;:&quot;yes&quot;,&quot;pause_on_interaction&quot;:&quot;yes&quot;,&quot;space_between_tablet&quot;:{&quot;unit&quot;:&quot;px&quot;,&quot;size&quot;:10,&quot;sizes&quot;:[]},&quot;space_between_mobile&quot;:{&quot;unit&quot;:&quot;px&quot;,&quot;size&quot;:10,&quot;sizes&quot;:[]}}\" data-widget_type=\"media-carousel.default\">\n\t\t\t\t<div class=\"elementor-widget-container\">\n\t\t\t\t\t\t\t\t\t<div class=\"elementor-swiper\">\n\t\t\t\t\t<div class=\"elementor-main-swiper swiper\" role=\"region\" aria-roledescription=\"carousel\" aria-label=\"Slides\">\n\t\t\t\t<div class=\"swiper-wrapper\">\n\t\t\t\t\t\t\t\t\t\t\t<div class=\"swiper-slide\" role=\"group\" aria-roledescription=\"slide\">\n\t\t\t\t\t\t\t<a href=\"https:\/\/risutec.fi\/wp-content\/uploads\/2021\/03\/IMG_20181114_163937-scaled.jpg\" data-elementor-open-lightbox=\"yes\" data-elementor-lightbox-slideshow=\"27e5c4a4\" data-elementor-lightbox-title=\"IMG_20181114_163937\" data-e-action-hash=\"#elementor-action%3Aaction%3Dlightbox%26settings%3DeyJpZCI6Mjg3NSwidXJsIjoiaHR0cHM6XC9cL3Jpc3V0ZWMuZmlcL3dwLWNvbnRlbnRcL3VwbG9hZHNcLzIwMjFcLzAzXC9JTUdfMjAxODExMTRfMTYzOTM3LXNjYWxlZC5qcGciLCJzbGlkZXNob3ciOiIyN2U1YzRhNCJ9\">\t\t<div class=\"elementor-carousel-image\" role=\"img\" aria-label=\"IMG_20181114_163937\" style=\"background-image: url(&#039;https:\/\/risutec.fi\/wp-content\/uploads\/2021\/03\/IMG_20181114_163937-scaled.jpg&#039;)\">\n\n\t\t\t\n\t\t\t\t\t<\/div>\n\t\t<\/a>\t\t\t\t\t\t<\/div>\n\t\t\t\t\t\t\t\t\t\t\t<div class=\"swiper-slide\" role=\"group\" aria-roledescription=\"slide\">\n\t\t\t\t\t\t\t<a href=\"https:\/\/risutec.fi\/wp-content\/uploads\/2021\/03\/20160505_233618-scaled.jpg\" data-elementor-open-lightbox=\"yes\" data-elementor-lightbox-slideshow=\"27e5c4a4\" data-elementor-lightbox-title=\"20160505_233618\" data-e-action-hash=\"#elementor-action%3Aaction%3Dlightbox%26settings%3DeyJpZCI6MjgyNywidXJsIjoiaHR0cHM6XC9cL3Jpc3V0ZWMuZmlcL3dwLWNvbnRlbnRcL3VwbG9hZHNcLzIwMjFcLzAzXC8yMDE2MDUwNV8yMzM2MTgtc2NhbGVkLmpwZyIsInNsaWRlc2hvdyI6IjI3ZTVjNGE0In0%3D\">\t\t<div class=\"elementor-carousel-image\" role=\"img\" aria-label=\"20160505_233618\" style=\"background-image: url(&#039;https:\/\/risutec.fi\/wp-content\/uploads\/2021\/03\/20160505_233618-scaled.jpg&#039;)\">\n\n\t\t\t\n\t\t\t\t\t<\/div>\n\t\t<\/a>\t\t\t\t\t\t<\/div>\n\t\t\t\t\t\t\t\t\t\t\t<div class=\"swiper-slide\" role=\"group\" aria-roledescription=\"slide\">\n\t\t\t\t\t\t\t\t\t<div class=\"elementor-carousel-image\" role=\"img\" aria-label=\"IMG_20181009_140023\" style=\"background-image: url(&#039;https:\/\/risutec.fi\/wp-content\/uploads\/2021\/03\/IMG_20181009_140023-scaled.jpg&#039;)\">\n\n\t\t\t\n\t\t\t\t\t<\/div>\n\t\t\t\t\t\t\t\t<\/div>\n\t\t\t\t\t\t\t\t\t\t\t<div class=\"swiper-slide\" role=\"group\" aria-roledescription=\"slide\">\n\t\t\t\t\t\t\t\t\t<div class=\"elementor-carousel-image\" role=\"img\" aria-label=\"20170526_043435\" style=\"background-image: url(&#039;https:\/\/risutec.fi\/wp-content\/uploads\/2021\/03\/20170526_043435-scaled.jpg&#039;)\">\n\n\t\t\t\n\t\t\t\t\t<\/div>\n\t\t\t\t\t\t\t\t<\/div>\n\t\t\t\t\t\t\t\t\t\t\t<div class=\"swiper-slide\" role=\"group\" aria-roledescription=\"slide\">\n\t\t\t\t\t\t\t\t\t<div class=\"elementor-carousel-image\" role=\"img\" aria-label=\"IMG-20160818-WA0004\" style=\"background-image: url(&#039;https:\/\/risutec.fi\/wp-content\/uploads\/2021\/03\/IMG-20160818-WA0004.jpg&#039;)\">\n\n\t\t\t\n\t\t\t\t\t<\/div>\n\t\t\t\t\t\t\t\t<\/div>\n\t\t\t\t\t\t\t\t\t<\/div>\n\t\t\t\t\t\t\t\t\t\t\t\t\t\t\t<div class=\"elementor-swiper-button elementor-swiper-button-prev\" role=\"button\" tabindex=\"0\" aria-label=\"Previous\">\n\t\t\t\t\t\t\t<i aria-hidden=\"true\" class=\"eicon-chevron-left\"><\/i>\t\t\t\t\t\t<\/div>\n\t\t\t\t\t\t<div class=\"elementor-swiper-button elementor-swiper-button-next\" role=\"button\" tabindex=\"0\" aria-label=\"Next\">\n\t\t\t\t\t\t\t<i aria-hidden=\"true\" class=\"eicon-chevron-right\"><\/i>\t\t\t\t\t\t<\/div>\n\t\t\t\t\t\t\t\t\t\t\t\t\t\t\t\t<div class=\"swiper-pagination\"><\/div>\n\t\t\t\t\t\t\t\t\t\t\t\t<\/div>\n\t\t\t\t<\/div>\n\t\t\t\t\t\t\t\t<\/div>\n\t\t\t\t<\/div>\n\t\t\t\t<div class=\"elementor-element elementor-element-51841425 elementor-widget-divider--view-line elementor-widget elementor-widget-divider\" data-id=\"51841425\" data-element_type=\"widget\" data-e-type=\"widget\" data-widget_type=\"divider.default\">\n\t\t\t\t<div class=\"elementor-widget-container\">\n\t\t\t\t\t\t\t<div class=\"elementor-divider\">\n\t\t\t<span class=\"elementor-divider-separator\">\n\t\t\t\t\t\t<\/span>\n\t\t<\/div>\n\t\t\t\t\t\t<\/div>\n\t\t\t\t<\/div>\n\t\t\t\t\t<\/div>\n\t\t<\/div>\n\t\t\t\t\t<\/div>\n\t\t<\/section>\n\t\t\t\t<\/div>\n\t\t","protected":false},"excerpt":{"rendered":"<p>ASTA Risutec ASTA: n peruskoneeseen asennettava mets\u00e4nhoidon GPS-dokumentointij\u00e4rjestelm\u00e4 n\u00e4ytt\u00e4\u00e4 taimi- ja muokkauspaikat sek\u00e4 istutus- ja raivausalueet reaaliajassa. OTA YHTEYTT\u00c4 Risutec ASTA gps dokumentointij\u00e4rjestelm\u00e4 ASTA-mets\u00e4talouden GPS-dokumentointij\u00e4rjestelm\u00e4 on kustannustehokas tapa raportoida ja n\u00e4ytt\u00e4\u00e4 taimi- ja muokkauspaikkojen sijainnit, pinta-alat, istutustiheydet ja kappalem\u00e4\u00e4r\u00e4t reaaliajassa. ASTA: ta voidaan k\u00e4ytt\u00e4\u00e4 my\u00f6s raivausalueiden dokumentointiin. ASTA k\u00e4ytt\u00f6ohje (versio 4821) ladattavissa t\u00e4st\u00e4.\u00a0 ASTA\u00a0ohjelmistotuen p\u00e4ivystysnumero: [&hellip;]<\/p>\n","protected":false},"author":1,"featured_media":0,"parent":0,"menu_order":0,"comment_status":"closed","ping_status":"closed","template":"","meta":{"content-type":"","footnotes":""},"class_list":["post-3749","page","type-page","status-publish","hentry"],"_links":{"self":[{"href":"https:\/\/risutec.fi\/fi\/wp-json\/wp\/v2\/pages\/3749","targetHints":{"allow":["GET"]}}],"collection":[{"href":"https:\/\/risutec.fi\/fi\/wp-json\/wp\/v2\/pages"}],"about":[{"href":"https:\/\/risutec.fi\/fi\/wp-json\/wp\/v2\/types\/page"}],"author":[{"embeddable":true,"href":"https:\/\/risutec.fi\/fi\/wp-json\/wp\/v2\/users\/1"}],"replies":[{"embeddable":true,"href":"https:\/\/risutec.fi\/fi\/wp-json\/wp\/v2\/comments?post=3749"}],"version-history":[{"count":75,"href":"https:\/\/risutec.fi\/fi\/wp-json\/wp\/v2\/pages\/3749\/revisions"}],"predecessor-version":[{"id":537703,"href":"https:\/\/risutec.fi\/fi\/wp-json\/wp\/v2\/pages\/3749\/revisions\/537703"}],"wp:attachment":[{"href":"https:\/\/risutec.fi\/fi\/wp-json\/wp\/v2\/media?parent=3749"}],"curies":[{"name":"wp","href":"https:\/\/api.w.org\/{rel}","templated":true}]}}