{"id":3785,"date":"2021-04-26T06:29:57","date_gmt":"2021-04-26T06:29:57","guid":{"rendered":"http:\/\/risutec.fi\/pm-metsataimien-istutuskone\/"},"modified":"2026-03-09T07:12:45","modified_gmt":"2026-03-09T07:12:45","slug":"pm-metsataimien-istutuskone","status":"publish","type":"page","link":"https:\/\/risutec.fi\/fi\/pm-metsataimien-istutuskone\/","title":{"rendered":"PM mets\u00e4taimien istutuskone"},"content":{"rendered":"\t\t<div data-elementor-type=\"wp-page\" data-elementor-id=\"3785\" class=\"elementor elementor-3785 elementor-2633\" data-elementor-post-type=\"page\">\n\t\t\t\t\t\t<section class=\"elementor-section elementor-top-section elementor-element elementor-element-12c06990 elementor-section-boxed elementor-section-height-default elementor-section-height-default\" data-id=\"12c06990\" data-element_type=\"section\" data-e-type=\"section\" data-settings=\"{&quot;background_background&quot;:&quot;classic&quot;,&quot;background_motion_fx_motion_fx_scrolling&quot;:&quot;yes&quot;,&quot;background_motion_fx_translateY_effect&quot;:&quot;yes&quot;,&quot;background_motion_fx_translateY_speed&quot;:{&quot;unit&quot;:&quot;px&quot;,&quot;size&quot;:9,&quot;sizes&quot;:[]},&quot;background_motion_fx_translateY_affectedRange&quot;:{&quot;unit&quot;:&quot;%&quot;,&quot;size&quot;:&quot;&quot;,&quot;sizes&quot;:{&quot;start&quot;:0,&quot;end&quot;:100}},&quot;background_motion_fx_devices&quot;:[&quot;desktop&quot;,&quot;tablet&quot;,&quot;mobile&quot;]}\">\n\t\t\t\t\t\t<div class=\"elementor-container elementor-column-gap-default\">\n\t\t\t\t\t<div class=\"elementor-column elementor-col-50 elementor-top-column elementor-element elementor-element-5c3ccdcb\" data-id=\"5c3ccdcb\" data-element_type=\"column\" data-e-type=\"column\" data-settings=\"{&quot;background_background&quot;:&quot;classic&quot;}\">\n\t\t\t<div class=\"elementor-widget-wrap elementor-element-populated\">\n\t\t\t\t\t<div class=\"elementor-background-overlay\"><\/div>\n\t\t\t\t\t\t<div class=\"elementor-element elementor-element-f8eacbd elementor-widget__width-initial elementor-widget elementor-widget-heading\" data-id=\"f8eacbd\" data-element_type=\"widget\" data-e-type=\"widget\" data-widget_type=\"heading.default\">\n\t\t\t\t<div class=\"elementor-widget-container\">\n\t\t\t\t\t<h3 class=\"elementor-heading-title elementor-size-default\">PM<\/h3>\t\t\t\t<\/div>\n\t\t\t\t<\/div>\n\t\t\t\t<div class=\"elementor-element elementor-element-3d14f3f6 elementor-widget elementor-widget-text-editor\" data-id=\"3d14f3f6\" data-element_type=\"widget\" data-e-type=\"widget\" data-widget_type=\"text-editor.default\">\n\t\t\t\t<div class=\"elementor-widget-container\">\n\t\t\t\t\t\t\t\t\t<p>M\u00e4t\u00e4st\u00e4v\u00e4 istutuskone ammattilaisk\u00e4ytt\u00f6\u00f6n. Risutec PM on suunniteltu helposti yll\u00e4pidett\u00e4v\u00e4ksi ratkaisuksi kannattavaan urakointiin.<\/p>\t\t\t\t\t\t\t\t<\/div>\n\t\t\t\t<\/div>\n\t\t\t\t<div class=\"elementor-element elementor-element-498d7da elementor-widget__width-auto elementor-widget elementor-widget-global elementor-global-4339 elementor-global-1034 elementor-widget-button\" data-id=\"498d7da\" data-element_type=\"widget\" data-e-type=\"widget\" id=\"get-a-quote-button\" data-widget_type=\"button.default\">\n\t\t\t\t<div class=\"elementor-widget-container\">\n\t\t\t\t\t\t\t\t\t<div class=\"elementor-button-wrapper\">\n\t\t\t\t\t<a class=\"elementor-button elementor-button-link elementor-size-xs\" href=\"https:\/\/risutec.fi\/fi\/ollaan-yhteydessa\/#get-a-quote\" target=\"_blank\">\n\t\t\t\t\t\t<span class=\"elementor-button-content-wrapper\">\n\t\t\t\t\t\t\t\t\t<span class=\"elementor-button-text\">OTA YHTEYTT\u00c4<\/span>\n\t\t\t\t\t<\/span>\n\t\t\t\t\t<\/a>\n\t\t\t\t<\/div>\n\t\t\t\t\t\t\t\t<\/div>\n\t\t\t\t<\/div>\n\t\t\t\t\t<\/div>\n\t\t<\/div>\n\t\t\t\t<div class=\"elementor-column elementor-col-50 elementor-top-column elementor-element elementor-element-731e3664\" data-id=\"731e3664\" data-element_type=\"column\" data-e-type=\"column\">\n\t\t\t<div class=\"elementor-widget-wrap\">\n\t\t\t\t\t\t\t<\/div>\n\t\t<\/div>\n\t\t\t\t\t<\/div>\n\t\t<\/section>\n\t\t\t\t<section class=\"elementor-section elementor-top-section elementor-element elementor-element-712de055 elementor-section-boxed elementor-section-height-default elementor-section-height-default\" data-id=\"712de055\" data-element_type=\"section\" data-e-type=\"section\">\n\t\t\t\t\t\t<div class=\"elementor-container elementor-column-gap-default\">\n\t\t\t\t\t<div class=\"elementor-column elementor-col-100 elementor-top-column elementor-element elementor-element-138f73a3\" data-id=\"138f73a3\" data-element_type=\"column\" data-e-type=\"column\">\n\t\t\t<div class=\"elementor-widget-wrap elementor-element-populated\">\n\t\t\t\t\t\t<div class=\"elementor-element elementor-element-d9a6099 elementor-widget__width-inherit elementor-widget elementor-widget-heading\" data-id=\"d9a6099\" data-element_type=\"widget\" data-e-type=\"widget\" data-widget_type=\"heading.default\">\n\t\t\t\t<div class=\"elementor-widget-container\">\n\t\t\t\t\t<h2 class=\"elementor-heading-title elementor-size-default\">PM-puiden istutuskone m\u00e4rkiin olosuhteisiin<\/h2>\t\t\t\t<\/div>\n\t\t\t\t<\/div>\n\t\t\t\t<div class=\"elementor-element elementor-element-567fac35 elementor-widget elementor-widget-text-editor\" data-id=\"567fac35\" data-element_type=\"widget\" data-e-type=\"widget\" data-widget_type=\"text-editor.default\">\n\t\t\t\t<div class=\"elementor-widget-container\">\n\t\t\t\t\t\t\t\t\t<p>Kompakti istutuskone ammattilaisk\u00e4ytt\u00f6\u00f6n. Risutec PM yhdist\u00e4\u00e4 mets\u00e4nuudistamisen kaikki vaiheet. Taimien m\u00e4\u00e4r\u00e4 voidaan s\u00e4\u00e4t\u00e4\u00e4 taimitarhan logistiikan mukaiseksi.<\/p>\t\t\t\t\t\t\t\t<\/div>\n\t\t\t\t<\/div>\n\t\t\t\t<section class=\"elementor-section elementor-inner-section elementor-element elementor-element-6c4eb1 elementor-section-boxed elementor-section-height-default elementor-section-height-default\" data-id=\"6c4eb1\" data-element_type=\"section\" data-e-type=\"section\">\n\t\t\t\t\t\t<div class=\"elementor-container elementor-column-gap-default\">\n\t\t\t\t\t<div class=\"elementor-column elementor-col-50 elementor-inner-column elementor-element elementor-element-450d7125\" data-id=\"450d7125\" data-element_type=\"column\" data-e-type=\"column\">\n\t\t\t<div class=\"elementor-widget-wrap elementor-element-populated\">\n\t\t\t\t\t\t<div class=\"elementor-element elementor-element-226c6560 elementor-widget__width-inherit elementor-widget elementor-widget-heading\" data-id=\"226c6560\" data-element_type=\"widget\" data-e-type=\"widget\" data-widget_type=\"heading.default\">\n\t\t\t\t<div class=\"elementor-widget-container\">\n\t\t\t\t\t<h2 class=\"elementor-heading-title elementor-size-default\">M\u00e4t\u00e4stys m\u00e4riss\u00e4 olosuhteissa<\/h2>\t\t\t\t<\/div>\n\t\t\t\t<\/div>\n\t\t\t\t<div class=\"elementor-element elementor-element-6fba4ab elementor-widget elementor-widget-text-editor\" data-id=\"6fba4ab\" data-element_type=\"widget\" data-e-type=\"widget\" data-widget_type=\"text-editor.default\">\n\t\t\t\t<div class=\"elementor-widget-container\">\n\t\t\t\t\t\t\t\t\t<p>PM hy\u00f6dynt\u00e4\u00e4 m\u00e4t\u00e4st\u00e4v\u00e4\u00e4 maanmuokkainta, jolla voi my\u00f6s laikuttaa.<\/p>\t\t\t\t\t\t\t\t<\/div>\n\t\t\t\t<\/div>\n\t\t\t\t\t<\/div>\n\t\t<\/div>\n\t\t\t\t<div class=\"elementor-column elementor-col-50 elementor-inner-column elementor-element elementor-element-7ac68812\" data-id=\"7ac68812\" data-element_type=\"column\" data-e-type=\"column\">\n\t\t\t<div class=\"elementor-widget-wrap elementor-element-populated\">\n\t\t\t\t\t\t<div class=\"elementor-element elementor-element-7363fa81 elementor-widget elementor-widget-image\" data-id=\"7363fa81\" data-element_type=\"widget\" data-e-type=\"widget\" data-widget_type=\"image.default\">\n\t\t\t\t<div class=\"elementor-widget-container\">\n\t\t\t\t\t\t\t\t\t\t\t\t\t\t\t<img fetchpriority=\"high\" decoding=\"async\" width=\"800\" height=\"618\" src=\"https:\/\/risutec.fi\/wp-content\/uploads\/2021\/03\/SKB-160-1024x791.jpg\" class=\"attachment-large size-large wp-image-2365\" alt=\"\" srcset=\"https:\/\/risutec.fi\/wp-content\/uploads\/2021\/03\/SKB-160-1024x791.jpg 1024w, https:\/\/risutec.fi\/wp-content\/uploads\/2021\/03\/SKB-160-300x232.jpg 300w, https:\/\/risutec.fi\/wp-content\/uploads\/2021\/03\/SKB-160-768x593.jpg 768w, https:\/\/risutec.fi\/wp-content\/uploads\/2021\/03\/SKB-160-1536x1187.jpg 1536w, https:\/\/risutec.fi\/wp-content\/uploads\/2021\/03\/SKB-160-2048x1583.jpg 2048w\" sizes=\"(max-width: 800px) 100vw, 800px\" \/>\t\t\t\t\t\t\t\t\t\t\t\t\t\t\t<\/div>\n\t\t\t\t<\/div>\n\t\t\t\t\t<\/div>\n\t\t<\/div>\n\t\t\t\t\t<\/div>\n\t\t<\/section>\n\t\t\t\t<div class=\"elementor-element elementor-element-3b8c584d elementor-widget__width-inherit elementor-widget elementor-widget-heading\" data-id=\"3b8c584d\" data-element_type=\"widget\" data-e-type=\"widget\" data-widget_type=\"heading.default\">\n\t\t\t\t<div class=\"elementor-widget-container\">\n\t\t\t\t\t<h2 class=\"elementor-heading-title elementor-size-default\">mallit ja tekniset yksityiskohdat<\/h2>\t\t\t\t<\/div>\n\t\t\t\t<\/div>\n\t\t\t\t<div class=\"elementor-element elementor-element-5cabefba elementor-tabs-view-horizontal elementor-widget elementor-widget-tabs\" data-id=\"5cabefba\" data-element_type=\"widget\" data-e-type=\"widget\" data-widget_type=\"tabs.default\">\n\t\t\t\t<div class=\"elementor-widget-container\">\n\t\t\t\t\t\t\t<div class=\"elementor-tabs\">\n\t\t\t<div class=\"elementor-tabs-wrapper\" role=\"tablist\" >\n\t\t\t\t\t\t\t\t\t<div id=\"elementor-tab-title-1551\" class=\"elementor-tab-title elementor-tab-desktop-title\" aria-selected=\"true\" data-tab=\"1\" role=\"tab\" tabindex=\"0\" aria-controls=\"elementor-tab-content-1551\" aria-expanded=\"false\">PM-160<\/div>\n\t\t\t\t\t\t\t<\/div>\n\t\t\t<div class=\"elementor-tabs-content-wrapper\" role=\"tablist\" aria-orientation=\"vertical\">\n\t\t\t\t\t\t\t\t\t<div class=\"elementor-tab-title elementor-tab-mobile-title\" aria-selected=\"true\" data-tab=\"1\" role=\"tab\" tabindex=\"0\" aria-controls=\"elementor-tab-content-1551\" aria-expanded=\"false\">PM-160<\/div>\n\t\t\t\t\t<div id=\"elementor-tab-content-1551\" class=\"elementor-tab-content elementor-clearfix\" data-tab=\"1\" role=\"tabpanel\" aria-labelledby=\"elementor-tab-title-1551\" tabindex=\"0\" hidden=\"false\"><div data-css=\"tve-u-171d4503abd\"><p><img decoding=\"async\" class=\"alignnone wp-image-26495 size-full\" src=\"https:\/\/risutec.fi\/wp-content\/uploads\/2021\/09\/IMG_20210715_144900-scaled.jpg\" alt=\"\" width=\"1920\" height=\"2560\" \/><\/p><h3><strong><span data-css=\"tve-u-171d4503abf\">Tuottavaan urakointiin<\/span><\/strong><\/h3><\/div><div data-css=\"tve-u-171d4503ac1\"><p data-css=\"tve-u-175a3849528\">PM istutuskone on helppo ladata ja taimikasetti sijaitsee sopivalla ty\u00f6korkeudella. Ihanteellinen mets\u00e4urakoitsijoille, jotka haluavat tarjota asiakkailleen &#8220;avaimet k\u00e4teen&#8221; palvelun &#8211; maanmuokkauksesta lannoitukseen ja raportointiin.<\/p><p data-css=\"tve-u-175a3849528\">Laitetta on helppo huoltaa, sill\u00e4 siin\u00e4 on keskitetyt rasvanipat ja saranoitu sy\u00f6tt\u00f6laite. Kone on hyvin suojattu oksia ja risuja vastaan. Istutustulos on ylivoimainen kaksipuolisen tiivist\u00e4misen ansiosta.<\/p><p><strong>Tekniset yksityiskohdat<\/strong><\/p><ul><li>Kaivinkone koko yli 13 tonnia&gt;<\/li><li>Paino 1100- 1400 kg<\/li><li>Hydraulinen paine 160 bar<\/li><li>Hydraulinen virtaus 160 l \/ min<\/li><li>Kasetin koko 150-160 55 * 55mm<\/li><li style=\"font-size: 16px;\">Kasetin koko 120 75 * 75mm<\/li><li>M\u00e4t\u00e4st\u00e4v\u00e4<\/li><li>Muokkausleveys 520mm<\/li><li>S\u00e4hk\u00f6j\u00e4rjestelm\u00e4 24V<\/li><li>Parker IQAN -ohjausj\u00e4rjestelm\u00e4<\/li><li>G11-et\u00e4ohjaus Bluetooth- modeemi<\/li><\/ul><\/div><\/div>\n\t\t\t\t\t\t\t<\/div>\n\t\t<\/div>\n\t\t\t\t\t\t<\/div>\n\t\t\t\t<\/div>\n\t\t\t\t<div class=\"elementor-element elementor-element-7b3617fe elementor-widget__width-inherit elementor-widget elementor-widget-heading\" data-id=\"7b3617fe\" data-element_type=\"widget\" data-e-type=\"widget\" data-widget_type=\"heading.default\">\n\t\t\t\t<div class=\"elementor-widget-container\">\n\t\t\t\t\t<h2 class=\"elementor-heading-title elementor-size-default\">MEDIAGALLERIA<\/h2>\t\t\t\t<\/div>\n\t\t\t\t<\/div>\n\t\t\t\t<div class=\"elementor-element elementor-element-18a2106f elementor-skin-carousel elementor-arrows-yes elementor-pagination-type-bullets elementor-pagination-position-outside elementor-widget elementor-widget-media-carousel\" data-id=\"18a2106f\" data-element_type=\"widget\" data-e-type=\"widget\" data-settings=\"{&quot;slides_per_view&quot;:&quot;3&quot;,&quot;space_between&quot;:{&quot;unit&quot;:&quot;px&quot;,&quot;size&quot;:29,&quot;sizes&quot;:[]},&quot;skin&quot;:&quot;carousel&quot;,&quot;effect&quot;:&quot;slide&quot;,&quot;show_arrows&quot;:&quot;yes&quot;,&quot;pagination&quot;:&quot;bullets&quot;,&quot;speed&quot;:500,&quot;autoplay&quot;:&quot;yes&quot;,&quot;autoplay_speed&quot;:5000,&quot;loop&quot;:&quot;yes&quot;,&quot;pause_on_hover&quot;:&quot;yes&quot;,&quot;pause_on_interaction&quot;:&quot;yes&quot;,&quot;space_between_tablet&quot;:{&quot;unit&quot;:&quot;px&quot;,&quot;size&quot;:10,&quot;sizes&quot;:[]},&quot;space_between_mobile&quot;:{&quot;unit&quot;:&quot;px&quot;,&quot;size&quot;:10,&quot;sizes&quot;:[]}}\" data-widget_type=\"media-carousel.default\">\n\t\t\t\t<div class=\"elementor-widget-container\">\n\t\t\t\t\t\t\t\t\t<div class=\"elementor-swiper\">\n\t\t\t\t\t<div class=\"elementor-main-swiper swiper\" role=\"region\" aria-roledescription=\"carousel\" aria-label=\"Slides\">\n\t\t\t\t<div class=\"swiper-wrapper\">\n\t\t\t\t\t\t\t\t\t\t\t<div class=\"swiper-slide\" role=\"group\" aria-roledescription=\"slide\">\n\t\t\t\t\t\t\t<a href=\"https:\/\/risutec.fi\/wp-content\/uploads\/2021\/03\/mounding-scaled.jpg\" data-elementor-open-lightbox=\"yes\" data-elementor-lightbox-slideshow=\"18a2106f\" data-elementor-lightbox-title=\"mounding\" data-elementor-lightbox-description=\"Mounding is the process of creating an elevated microsite in which a tree can be planted. This is done with a PM planter. Note that mounding is not a strategy for deep-rooted trees \u2013 pitting, soil preparation with a bucket, and ripping are.\" data-e-action-hash=\"#elementor-action%3Aaction%3Dlightbox%26settings%3DeyJpZCI6MTkzOSwidXJsIjoiaHR0cHM6XC9cL3Jpc3V0ZWMuZmlcL3dwLWNvbnRlbnRcL3VwbG9hZHNcLzIwMjFcLzAzXC9tb3VuZGluZy1zY2FsZWQuanBnIiwic2xpZGVzaG93IjoiMThhMjEwNmYifQ%3D%3D\" data-elementor-lightbox-video=\"https:\/\/player.vimeo.com\/video\/535146806?autoplay=1&amp;rel=0&amp;controls=0#t=\">\t\t<div class=\"elementor-carousel-image\" role=\"img\" aria-label=\"mounding soil treatment\" style=\"background-image: url(&#039;https:\/\/risutec.fi\/wp-content\/uploads\/2021\/03\/mounding-scaled.jpg&#039;)\">\n\n\t\t\t\n\t\t\t\t\t\t\t<div class=\"elementor-custom-embed-play\">\n\t\t\t\t\t<i aria-hidden=\"true\" class=\"eicon-play\"><\/i>\t\t\t\t\t<span class=\"elementor-screen-only\">Play<\/span>\n\t\t\t\t<\/div>\n\t\t\t\t\t<\/div>\n\t\t<\/a>\t\t\t\t\t\t<\/div>\n\t\t\t\t\t\t\t\t\t\t\t<div class=\"swiper-slide\" role=\"group\" aria-roledescription=\"slide\">\n\t\t\t\t\t\t\t<a href=\"https:\/\/risutec.fi\/wp-content\/uploads\/2021\/03\/PM-Tree-Planting-Machine-scaled.jpg\" data-elementor-open-lightbox=\"yes\" data-elementor-lightbox-slideshow=\"18a2106f\" data-elementor-lightbox-title=\"PM-puiden istutuskone\" data-e-action-hash=\"#elementor-action%3Aaction%3Dlightbox%26settings%3DeyJpZCI6MjYzNiwidXJsIjoiaHR0cHM6XC9cL3Jpc3V0ZWMuZmlcL3dwLWNvbnRlbnRcL3VwbG9hZHNcLzIwMjFcLzAzXC9QTS1UcmVlLVBsYW50aW5nLU1hY2hpbmUtc2NhbGVkLmpwZyIsInNsaWRlc2hvdyI6IjE4YTIxMDZmIn0%3D\" data-elementor-lightbox-video=\"https:\/\/player.vimeo.com\/video\/535147972?autoplay=1&amp;rel=0&amp;controls=0#t=\">\t\t<div class=\"elementor-carousel-image\" role=\"img\" aria-label=\"PM-puiden istutuskone\" style=\"background-image: url(&#039;https:\/\/risutec.fi\/wp-content\/uploads\/2021\/03\/PM-Tree-Planting-Machine-scaled.jpg&#039;)\">\n\n\t\t\t\n\t\t\t\t\t\t\t<div class=\"elementor-custom-embed-play\">\n\t\t\t\t\t<i aria-hidden=\"true\" class=\"eicon-play\"><\/i>\t\t\t\t\t<span class=\"elementor-screen-only\">Play<\/span>\n\t\t\t\t<\/div>\n\t\t\t\t\t<\/div>\n\t\t<\/a>\t\t\t\t\t\t<\/div>\n\t\t\t\t\t\t\t\t\t\t\t<div class=\"swiper-slide\" role=\"group\" aria-roledescription=\"slide\">\n\t\t\t\t\t\t\t<a href=\"https:\/\/risutec.fi\/wp-content\/uploads\/2021\/03\/20200506_183430-scaled.jpg\" data-elementor-open-lightbox=\"yes\" data-elementor-lightbox-slideshow=\"18a2106f\" data-elementor-lightbox-title=\"20200506_183430\" data-e-action-hash=\"#elementor-action%3Aaction%3Dlightbox%26settings%3DeyJpZCI6MjczMywidXJsIjoiaHR0cHM6XC9cL3Jpc3V0ZWMuZmlcL3dwLWNvbnRlbnRcL3VwbG9hZHNcLzIwMjFcLzAzXC8yMDIwMDUwNl8xODM0MzAtc2NhbGVkLmpwZyIsInNsaWRlc2hvdyI6IjE4YTIxMDZmIn0%3D\">\t\t<div class=\"elementor-carousel-image\" role=\"img\" aria-label=\"20200506_183430\" style=\"background-image: url(&#039;https:\/\/risutec.fi\/wp-content\/uploads\/2021\/03\/20200506_183430-scaled.jpg&#039;)\">\n\n\t\t\t\n\t\t\t\t\t<\/div>\n\t\t<\/a>\t\t\t\t\t\t<\/div>\n\t\t\t\t\t\t\t\t\t\t\t<div class=\"swiper-slide\" role=\"group\" aria-roledescription=\"slide\">\n\t\t\t\t\t\t\t<a href=\"https:\/\/risutec.fi\/wp-content\/uploads\/2021\/03\/20190709_125600-scaled.jpg\" data-elementor-open-lightbox=\"yes\" data-elementor-lightbox-slideshow=\"18a2106f\" data-elementor-lightbox-title=\"20190709_125600\" data-e-action-hash=\"#elementor-action%3Aaction%3Dlightbox%26settings%3DeyJpZCI6Mjc0OSwidXJsIjoiaHR0cHM6XC9cL3Jpc3V0ZWMuZmlcL3dwLWNvbnRlbnRcL3VwbG9hZHNcLzIwMjFcLzAzXC8yMDE5MDcwOV8xMjU2MDAtc2NhbGVkLmpwZyIsInNsaWRlc2hvdyI6IjE4YTIxMDZmIn0%3D\">\t\t<div class=\"elementor-carousel-image\" role=\"img\" aria-label=\"20190709_125600\" style=\"background-image: url(&#039;https:\/\/risutec.fi\/wp-content\/uploads\/2021\/03\/20190709_125600-scaled.jpg&#039;)\">\n\n\t\t\t\n\t\t\t\t\t<\/div>\n\t\t<\/a>\t\t\t\t\t\t<\/div>\n\t\t\t\t\t\t\t\t\t\t\t<div class=\"swiper-slide\" role=\"group\" aria-roledescription=\"slide\">\n\t\t\t\t\t\t\t<a href=\"https:\/\/risutec.fi\/wp-content\/uploads\/2021\/03\/IMG_20190904_152850_330.jpg\" data-elementor-open-lightbox=\"yes\" data-elementor-lightbox-slideshow=\"18a2106f\" data-elementor-lightbox-title=\"IMG_20190904_152850_330\" data-e-action-hash=\"#elementor-action%3Aaction%3Dlightbox%26settings%3DeyJpZCI6Mjc1NywidXJsIjoiaHR0cHM6XC9cL3Jpc3V0ZWMuZmlcL3dwLWNvbnRlbnRcL3VwbG9hZHNcLzIwMjFcLzAzXC9JTUdfMjAxOTA5MDRfMTUyODUwXzMzMC5qcGciLCJzbGlkZXNob3ciOiIxOGEyMTA2ZiJ9\">\t\t<div class=\"elementor-carousel-image\" role=\"img\" aria-label=\"IMG_20190904_152850_330\" style=\"background-image: url(&#039;https:\/\/risutec.fi\/wp-content\/uploads\/2021\/03\/IMG_20190904_152850_330.jpg&#039;)\">\n\n\t\t\t\n\t\t\t\t\t<\/div>\n\t\t<\/a>\t\t\t\t\t\t<\/div>\n\t\t\t\t\t\t\t\t\t\t\t<div class=\"swiper-slide\" role=\"group\" aria-roledescription=\"slide\">\n\t\t\t\t\t\t\t\t\t<div class=\"elementor-carousel-image\" role=\"img\" aria-label=\"20201130_115555\" style=\"background-image: url(&#039;https:\/\/risutec.fi\/wp-content\/uploads\/2021\/03\/20201130_115555-scaled.jpg&#039;)\">\n\n\t\t\t\n\t\t\t\t\t<\/div>\n\t\t\t\t\t\t\t\t<\/div>\n\t\t\t\t\t\t\t\t\t\t\t<div class=\"swiper-slide\" role=\"group\" aria-roledescription=\"slide\">\n\t\t\t\t\t\t\t\t\t<div class=\"elementor-carousel-image\" role=\"img\" aria-label=\"smacap_Bright\" style=\"background-image: url(&#039;https:\/\/risutec.fi\/wp-content\/uploads\/2021\/03\/IMG_20190903_152619-scaled.jpg&#039;)\">\n\n\t\t\t\n\t\t\t\t\t<\/div>\n\t\t\t\t\t\t\t\t<\/div>\n\t\t\t\t\t\t\t\t\t\t\t<div class=\"swiper-slide\" role=\"group\" aria-roledescription=\"slide\">\n\t\t\t\t\t\t\t\t\t<div class=\"elementor-carousel-image\" role=\"img\" aria-label=\"20200924_114646\" style=\"background-image: url(&#039;https:\/\/risutec.fi\/wp-content\/uploads\/2021\/03\/20200924_114646-scaled.jpg&#039;)\">\n\n\t\t\t\n\t\t\t\t\t<\/div>\n\t\t\t\t\t\t\t\t<\/div>\n\t\t\t\t\t\t\t\t\t<\/div>\n\t\t\t\t\t\t\t\t\t\t\t\t\t\t\t<div class=\"elementor-swiper-button elementor-swiper-button-prev\" role=\"button\" tabindex=\"0\" aria-label=\"Previous\">\n\t\t\t\t\t\t\t<i aria-hidden=\"true\" class=\"eicon-chevron-left\"><\/i>\t\t\t\t\t\t<\/div>\n\t\t\t\t\t\t<div class=\"elementor-swiper-button elementor-swiper-button-next\" role=\"button\" tabindex=\"0\" aria-label=\"Next\">\n\t\t\t\t\t\t\t<i aria-hidden=\"true\" class=\"eicon-chevron-right\"><\/i>\t\t\t\t\t\t<\/div>\n\t\t\t\t\t\t\t\t\t\t\t\t\t\t\t\t<div class=\"swiper-pagination\"><\/div>\n\t\t\t\t\t\t\t\t\t\t\t\t<\/div>\n\t\t\t\t<\/div>\n\t\t\t\t\t\t\t\t<\/div>\n\t\t\t\t<\/div>\n\t\t\t\t<div class=\"elementor-element elementor-element-5ec04c9a elementor-widget-divider--view-line elementor-widget elementor-widget-divider\" data-id=\"5ec04c9a\" data-element_type=\"widget\" data-e-type=\"widget\" data-widget_type=\"divider.default\">\n\t\t\t\t<div class=\"elementor-widget-container\">\n\t\t\t\t\t\t\t<div class=\"elementor-divider\">\n\t\t\t<span class=\"elementor-divider-separator\">\n\t\t\t\t\t\t<\/span>\n\t\t<\/div>\n\t\t\t\t\t\t<\/div>\n\t\t\t\t<\/div>\n\t\t\t\t\t<\/div>\n\t\t<\/div>\n\t\t\t\t\t<\/div>\n\t\t<\/section>\n\t\t\t\t<\/div>\n\t\t","protected":false},"excerpt":{"rendered":"<p>PM M\u00e4t\u00e4st\u00e4v\u00e4 istutuskone ammattilaisk\u00e4ytt\u00f6\u00f6n. Risutec PM on suunniteltu helposti yll\u00e4pidett\u00e4v\u00e4ksi ratkaisuksi kannattavaan urakointiin. OTA YHTEYTT\u00c4 PM-puiden istutuskone m\u00e4rkiin olosuhteisiin Kompakti istutuskone ammattilaisk\u00e4ytt\u00f6\u00f6n. Risutec PM yhdist\u00e4\u00e4 mets\u00e4nuudistamisen kaikki vaiheet. Taimien m\u00e4\u00e4r\u00e4 voidaan s\u00e4\u00e4t\u00e4\u00e4 taimitarhan logistiikan mukaiseksi. M\u00e4t\u00e4stys m\u00e4riss\u00e4 olosuhteissa PM hy\u00f6dynt\u00e4\u00e4 m\u00e4t\u00e4st\u00e4v\u00e4\u00e4 maanmuokkainta, jolla voi my\u00f6s laikuttaa. mallit ja tekniset yksityiskohdat PM-160 PM-160 Tuottavaan urakointiin PM [&hellip;]<\/p>\n","protected":false},"author":1,"featured_media":2636,"parent":0,"menu_order":0,"comment_status":"closed","ping_status":"closed","template":"","meta":{"content-type":"","footnotes":""},"class_list":["post-3785","page","type-page","status-publish","has-post-thumbnail","hentry"],"_links":{"self":[{"href":"https:\/\/risutec.fi\/fi\/wp-json\/wp\/v2\/pages\/3785","targetHints":{"allow":["GET"]}}],"collection":[{"href":"https:\/\/risutec.fi\/fi\/wp-json\/wp\/v2\/pages"}],"about":[{"href":"https:\/\/risutec.fi\/fi\/wp-json\/wp\/v2\/types\/page"}],"author":[{"embeddable":true,"href":"https:\/\/risutec.fi\/fi\/wp-json\/wp\/v2\/users\/1"}],"replies":[{"embeddable":true,"href":"https:\/\/risutec.fi\/fi\/wp-json\/wp\/v2\/comments?post=3785"}],"version-history":[{"count":42,"href":"https:\/\/risutec.fi\/fi\/wp-json\/wp\/v2\/pages\/3785\/revisions"}],"predecessor-version":[{"id":537688,"href":"https:\/\/risutec.fi\/fi\/wp-json\/wp\/v2\/pages\/3785\/revisions\/537688"}],"wp:featuredmedia":[{"embeddable":true,"href":"https:\/\/risutec.fi\/fi\/wp-json\/wp\/v2\/media\/2636"}],"wp:attachment":[{"href":"https:\/\/risutec.fi\/fi\/wp-json\/wp\/v2\/media?parent=3785"}],"curies":[{"name":"wp","href":"https:\/\/api.w.org\/{rel}","templated":true}]}}